{"id":123,"date":"2021-04-03T12:07:18","date_gmt":"2021-04-03T15:07:18","guid":{"rendered":"http:\/\/cbdedev.com.br\/?page_id=123"},"modified":"2021-04-03T17:10:21","modified_gmt":"2021-04-03T20:10:21","slug":"institucional","status":"publish","type":"page","link":"https:\/\/cbdedev.com.br\/?page_id=123","title":{"rendered":"Institucional"},"content":{"rendered":"<div id=\"sp-ea-279\" class=\"sp-ea-one sp-easy-accordion\" data-ex-icon=\"fa-minus\" data-col-icon=\"fa-plus\"  data-ea-active=\"ea-click\"  data-ea-mode=\"vertical\" data-preloader=\"\"><div class=\"ea-card ea-expand sp-ea-single\"><h3 class=\"ea-header\"><a class=\"collapsed\" data-sptoggle=\"spcollapse\" data-sptarget=\"#collapse2790\" href=\"javascript:void(0)\"><i class=\"ea-expand-icon fa fa-minus\"><\/i> Sobre<\/a><\/h3><div class=\"sp-collapse spcollapse collapsed show\" id=\"collapse2790\" data-parent=\"#sp-ea-279\"><div class=\"ea-body\"> <p>A Confedera\u00e7\u00e3o Brasileira do Desporto Escolar, designada, pela sigla CBDE, filiada \u00e0 Federa\u00e7\u00e3o Internacional do Esporte Escolar (ISF), \u00e0 Federa\u00e7\u00e3o Internacional de Escolas Cat\u00f3licas (FISEC), reconhecida pelo Comit\u00ea Ol\u00edmpico Brasileiro (COB), \u00e9 uma entidade privada sem fins lucrativos, de car\u00e1ter desportivo educacional e integra o Sistema Nacional do Desporto.<\/p>\n<p>Fundada em 25 de maio de 2000, com base na Lei N\u00ba 9.615, de 24 de mar\u00e7o de 1998, a CBDE \u00e9 o \u00f3rg\u00e3o leg\u00edtimo de representa\u00e7\u00e3o nacional de administra\u00e7\u00e3o do desporto educacional no ensino fundamental e m\u00e9dio e tem como base o Decreto n\u00ba 7.984, de 08 de abril de 2013.<\/p>\n<p>Com a miss\u00e3o de promover o indiv\u00edduo de forma integral e a sua forma\u00e7\u00e3o para o exerc\u00edcio da cidadania e pr\u00e1tica de lazer, a CBDE possui como prop\u00f3sito transformador:<\/p>\n<p>O esporte come\u00e7a aqui!<\/p>\n <\/div><\/div><\/div><\/div>\n","protected":false},"excerpt":{"rendered":"","protected":false},"author":1,"featured_media":0,"parent":0,"menu_order":0,"comment_status":"closed","ping_status":"closed","template":"","meta":{"_eb_attr":"","footnotes":""},"class_list":["post-123","page","type-page","status-publish","hentry"],"_links":{"self":[{"href":"https:\/\/cbdedev.com.br\/index.php?rest_route=\/wp\/v2\/pages\/123","targetHints":{"allow":["GET"]}}],"collection":[{"href":"https:\/\/cbdedev.com.br\/index.php?rest_route=\/wp\/v2\/pages"}],"about":[{"href":"https:\/\/cbdedev.com.br\/index.php?rest_route=\/wp\/v2\/types\/page"}],"author":[{"embeddable":true,"href":"https:\/\/cbdedev.com.br\/index.php?rest_route=\/wp\/v2\/users\/1"}],"replies":[{"embeddable":true,"href":"https:\/\/cbdedev.com.br\/index.php?rest_route=%2Fwp%2Fv2%2Fcomments&post=123"}],"version-history":[{"count":2,"href":"https:\/\/cbdedev.com.br\/index.php?rest_route=\/wp\/v2\/pages\/123\/revisions"}],"predecessor-version":[{"id":280,"href":"https:\/\/cbdedev.com.br\/index.php?rest_route=\/wp\/v2\/pages\/123\/revisions\/280"}],"wp:attachment":[{"href":"https:\/\/cbdedev.com.br\/index.php?rest_route=%2Fwp%2Fv2%2Fmedia&parent=123"}],"curies":[{"name":"wp","href":"https:\/\/api.w.org\/{rel}","templated":true}]}}